{"id":12596,"date":"2023-04-21T10:13:46","date_gmt":"2023-04-21T08:13:46","guid":{"rendered":"https:\/\/www.racc.es\/microsites\/ebook-sant-jordi\/"},"modified":"2023-04-22T21:26:00","modified_gmt":"2023-04-22T19:26:00","slug":"ebook-sant-jordi","status":"publish","type":"page","link":"https:\/\/www.racc.cat\/microsites\/ebook-sant-jordi\/","title":{"rendered":"Ebook Sant Jordi"},"content":{"rendered":"<div class=\"fusion-fullwidth fullwidth-box fusion-builder-row-1 fusion-flex-container has-pattern-background has-mask-background flex-verticaly-centered nonhundred-percent-fullwidth non-hundred-percent-height-scrolling\" style=\"--awb-border-radius-top-left:0px;--awb-border-radius-top-right:0px;--awb-border-radius-bottom-right:0px;--awb-border-radius-bottom-left:0px;\" ><div class=\"fusion-builder-row fusion-row fusion-flex-align-items-stretch fusion-flex-justify-content-space-evenly\" style=\"max-width:1144px;margin-left: calc(-4% \/ 2 );margin-right: calc(-4% \/ 2 );\"><div class=\"fusion-layout-column fusion_builder_column fusion-builder-column-0 fusion_builder_column_3_5 3_5 fusion-flex-column text-white hero-with-text\" style=\"--awb-bg-size:cover;--awb-width-large:60%;--awb-spacing-right-large:3.2%;--awb-spacing-left-large:3.2%;--awb-width-medium:100%;--awb-order-medium:0;--awb-spacing-right-medium:1.92%;--awb-spacing-left-medium:1.92%;--awb-width-small:100%;--awb-order-small:0;--awb-spacing-right-small:1.92%;--awb-spacing-left-small:1.92%;\"><div class=\"fusion-column-wrapper fusion-column-has-shadow fusion-flex-justify-content-flex-start fusion-content-layout-column\"><div class=\"fusion-text fusion-text-1\"><p style=\"font-size: 30px; text-align: center;\"><span style=\"color: #000000;\"><strong>Rutes amb moto RACC<\/strong><\/span><\/p>\n<p style=\"font-size: 20px; text-align: center;\"><span style=\"color: #000000;\">Dissenyades perqu\u00e8 descobreixis en nom\u00e9s un o dos dies una natura ins\u00f2lita amb paisatges espectaculars i pobles i ciutats plens d\u2019encant.<\/span><\/p>\n<\/div><div class=\"fusion-image-element \" style=\"text-align:center;\"><span class=\" fusion-imageframe imageframe-none imageframe-1 hover-type-none\" style=\"border-radius:20px;\"><img decoding=\"async\" width=\"1119\" height=\"720\" title=\"moto\" src=\"https:\/\/www.racc.es\/wp-content\/microsites\/wp-content\/uploads\/2023\/04\/moto.jpg\" alt class=\"img-responsive wp-image-12587\" srcset=\"https:\/\/www.racc.cat\/wp-content\/microsites\/wp-content\/uploads\/2023\/04\/moto-200x129.jpg 200w, https:\/\/www.racc.cat\/wp-content\/microsites\/wp-content\/uploads\/2023\/04\/moto-400x257.jpg 400w, https:\/\/www.racc.cat\/wp-content\/microsites\/wp-content\/uploads\/2023\/04\/moto-600x386.jpg 600w, https:\/\/www.racc.cat\/wp-content\/microsites\/wp-content\/uploads\/2023\/04\/moto-800x515.jpg 800w, https:\/\/www.racc.cat\/wp-content\/microsites\/wp-content\/uploads\/2023\/04\/moto.jpg 1119w\" sizes=\"(max-width: 1024px) 100vw, (max-width: 640px) 100vw, 800px\" \/><\/span><\/div><\/div><\/div><div class=\"fusion-layout-column fusion_builder_column fusion-builder-column-1 fusion_builder_column_3_5 3_5 fusion-flex-column hero-white-box\" style=\"--awb-padding-top:20px;--awb-padding-right:20px;--awb-padding-bottom:20px;--awb-padding-left:20px;--awb-overflow:hidden;--awb-bg-color:var(--awb-color2);--awb-bg-size:cover;--awb-border-radius:20px 20px 20px 20px;--awb-width-large:60%;--awb-spacing-right-large:3.2%;--awb-spacing-left-large:3.2%;--awb-width-medium:100%;--awb-order-medium:0;--awb-spacing-right-medium:1.92%;--awb-spacing-left-medium:1.92%;--awb-width-small:100%;--awb-order-small:0;--awb-spacing-right-small:1.92%;--awb-spacing-left-small:1.92%;\"><div class=\"fusion-column-wrapper fusion-column-has-shadow fusion-flex-justify-content-flex-start fusion-content-layout-column\"><div class=\"fusion-text fusion-text-2\"><p style=\"text-align: center;\">Deixa el teu nom i el correu electr\u00f2nic per descarregar la guia.<\/p>\n<\/div><\/div><\/div><\/div><\/div>\n","protected":false},"excerpt":{"rendered":"","protected":false},"author":16,"featured_media":0,"parent":0,"menu_order":0,"comment_status":"closed","ping_status":"closed","template":"100-width.php","meta":{"footnotes":""},"wf_page_folders":[97],"class_list":["post-12596","page","type-page","status-publish","hentry"],"_links":{"self":[{"href":"https:\/\/www.racc.cat\/microsites\/wp-json\/wp\/v2\/pages\/12596","targetHints":{"allow":["GET"]}}],"collection":[{"href":"https:\/\/www.racc.cat\/microsites\/wp-json\/wp\/v2\/pages"}],"about":[{"href":"https:\/\/www.racc.cat\/microsites\/wp-json\/wp\/v2\/types\/page"}],"author":[{"embeddable":true,"href":"https:\/\/www.racc.cat\/microsites\/wp-json\/wp\/v2\/users\/16"}],"replies":[{"embeddable":true,"href":"https:\/\/www.racc.cat\/microsites\/wp-json\/wp\/v2\/comments?post=12596"}],"version-history":[{"count":0,"href":"https:\/\/www.racc.cat\/microsites\/wp-json\/wp\/v2\/pages\/12596\/revisions"}],"wp:attachment":[{"href":"https:\/\/www.racc.cat\/microsites\/wp-json\/wp\/v2\/media?parent=12596"}],"wp:term":[{"taxonomy":"wf_page_folders","embeddable":true,"href":"https:\/\/www.racc.cat\/microsites\/wp-json\/wp\/v2\/wf_page_folders?post=12596"}],"curies":[{"name":"wp","href":"https:\/\/api.w.org\/{rel}","templated":true}]}}