{"id":7039,"date":"2020-06-01T16:17:06","date_gmt":"2020-06-01T14:17:06","guid":{"rendered":"https:\/\/www.racc.es\/microsites\/comunicat-covid-19\/"},"modified":"2020-06-02T09:34:42","modified_gmt":"2020-06-02T07:34:42","slug":"comunicat-covid-19","status":"publish","type":"page","link":"https:\/\/www.racc.cat\/microsites\/comunicat-covid19\/","title":{"rendered":"Comunicat Covid-19"},"content":{"rendered":"<p><div class=\"fusion-fullwidth fullwidth-box fusion-builder-row-1 hundred-percent-fullwidth non-hundred-percent-height-scrolling\" style=\"--awb-border-radius-top-left:0px;--awb-border-radius-top-right:0px;--awb-border-radius-bottom-right:0px;--awb-border-radius-bottom-left:0px;--awb-padding-top:0px;--awb-padding-right:0px;--awb-padding-bottom:0px;--awb-padding-left:0px;\" ><div class=\"fusion-builder-row fusion-row\"><div class=\"fusion-layout-column fusion_builder_column fusion-builder-column-0 fusion_builder_column_1_1 1_1 fusion-one-full fusion-column-first fusion-column-last\" style=\"--awb-bg-size:cover;\"><div class=\"fusion-column-wrapper fusion-column-has-shadow fusion-flex-column-wrapper-legacy\"><div class=\"fusion-image-element fusion-image-align-center in-legacy-container\" style=\"text-align:center;\"><div class=\"imageframe-align-center\"><span class=\" fusion-imageframe imageframe-none imageframe-1 hover-type-none\"><img decoding=\"async\" width=\"144\" height=\"144\" title=\"LogoRACC-144\" src=\"https:\/\/www.racc.es\/microsites\/wp-content\/uploads\/2020\/04\/LogoRACC-144.jpg\" alt class=\"img-responsive wp-image-4138\" srcset=\"https:\/\/www.racc.cat\/wp-content\/microsites\/wp-content\/uploads\/2020\/04\/LogoRACC-144-66x66.jpg 66w, https:\/\/www.racc.cat\/wp-content\/microsites\/wp-content\/uploads\/2020\/04\/LogoRACC-144.jpg 144w\" sizes=\"(max-width: 144px) 100vw, 144px\" \/><\/span><\/div><\/div><div class=\"fusion-clearfix\"><\/div><\/div><\/div><\/div><\/div><div class=\"fusion-fullwidth fullwidth-box fusion-builder-row-2 nonhundred-percent-fullwidth non-hundred-percent-height-scrolling\" style=\"--awb-border-radius-top-left:0px;--awb-border-radius-top-right:0px;--awb-border-radius-bottom-right:0px;--awb-border-radius-bottom-left:0px;--awb-padding-top:30px;\" ><div class=\"fusion-builder-row fusion-row\"><div class=\"fusion-layout-column fusion_builder_column fusion-builder-column-1 fusion_builder_column_1_1 1_1 fusion-one-full fusion-column-first fusion-column-last\" style=\"--awb-bg-size:cover;\"><div class=\"fusion-column-wrapper fusion-column-has-shadow fusion-flex-column-wrapper-legacy\"><div class=\"fusion-text fusion-text-1\"><p class=\"x_794e8057 x_8a3aff37\">El volem informar que, atesa l\u2019expansi\u00f3 del COVID-19 a tot el m\u00f3n i concretament al nostre pa\u00eds, estem refor\u00e7ant els nostres equips intentant mantenir el mateix nivell de servei i la qualitat habitual per tal d\u2019estar al costat de tots vost\u00e8s com sempre.<\/p>\n<p class=\"x_794e8057 x_8a3aff37\">Com \u00e9s natural, en cada cas, estem seguint les indicacions de les autoritats locals i tamb\u00e9 les de tots aquells pa\u00efsos en qu\u00e8 operem i on els nostres socis estan viatjant i ens poden necessitar.<\/p>\n<p class=\"x_794e8057 x_8a3aff37\">En el cas que requereixi un servei d\u2019assist\u00e8ncia mec\u00e0nica o un servei d\u2019assist\u00e8ncia a la llar, li demanem que segueixi els protocols establerts per a la seva seguretat i la dels nostres professionals, com mantenir la dist\u00e0ncia f\u00edsica, evitar donar la m\u00e0 i fer servir gel hidroalcoh\u00f2lic.<\/p>\n<p class=\"x_794e8057 x_8a3aff37\">En el cas que necessiti el nostre servei m\u00e8dic telef\u00f2nic, estem treballant per intentar donar resposta a l\u2019actual allau de trucades que estem rebent, prioritzant-les perqu\u00e8 el nivell d\u2019afectaci\u00f3 del servei sigui el m\u00ednim possible, ateses les circumst\u00e0ncies excepcionals d\u2019emerg\u00e8ncia sanit\u00e0ria.<\/p>\n<p class=\"x_794e8057 x_8a3aff37\">Des del RACC estem prenent mesures per reduir al m\u00e0xim l\u2019impacte de les restriccions decretades per les administracions en tots els serveis que els prestem, i aprofitem per informar-lo que els nostres canals telef\u00f2nics i online funcionen amb total normalitat. En aquest sentit totes les gestions comercials les pot realitzar a trav\u00e9s del tel\u00e8fon d\u2019informaci\u00f3 RACC, 900 357 357, i si necessita un servei d\u2019assist\u00e8ncia pot trucat al 900 242 242.<\/p>\n<p class=\"x_794e8057 x_8a3aff37\">En la mesura del possible, li recomanem reduir els despla\u00e7aments i realitzar exclusivament aquells que siguin estrictament imprescindibles, tal com estan demanant les autoritats del nostre pa\u00eds.<\/p>\n<p class=\"x_794e8057 x_8a3aff37\">Esperant que aquesta situaci\u00f3 es normalitzi al m\u00e9s aviat possible, volem agrair-li la seva col\u00b7laboraci\u00f3 i comprensi\u00f3. Compti que, com sempre, els m\u00e9s de 1.400 professionals del Club, des del seu lloc de treball o des del seu domicili, mitjan\u00e7ant un pla de teletreball que hem posat en marxa, estarem al seu costat.<\/p>\n<\/div><div class=\"fusion-clearfix\"><\/div><\/div><\/div><\/div><\/div><\/p>\n","protected":false},"excerpt":{"rendered":"","protected":false},"author":12,"featured_media":0,"parent":0,"menu_order":0,"comment_status":"closed","ping_status":"closed","template":"","meta":{"footnotes":""},"wf_page_folders":[102],"class_list":["post-7039","page","type-page","status-publish","hentry"],"_links":{"self":[{"href":"https:\/\/www.racc.cat\/microsites\/wp-json\/wp\/v2\/pages\/7039","targetHints":{"allow":["GET"]}}],"collection":[{"href":"https:\/\/www.racc.cat\/microsites\/wp-json\/wp\/v2\/pages"}],"about":[{"href":"https:\/\/www.racc.cat\/microsites\/wp-json\/wp\/v2\/types\/page"}],"author":[{"embeddable":true,"href":"https:\/\/www.racc.cat\/microsites\/wp-json\/wp\/v2\/users\/12"}],"replies":[{"embeddable":true,"href":"https:\/\/www.racc.cat\/microsites\/wp-json\/wp\/v2\/comments?post=7039"}],"version-history":[{"count":0,"href":"https:\/\/www.racc.cat\/microsites\/wp-json\/wp\/v2\/pages\/7039\/revisions"}],"wp:attachment":[{"href":"https:\/\/www.racc.cat\/microsites\/wp-json\/wp\/v2\/media?parent=7039"}],"wp:term":[{"taxonomy":"wf_page_folders","embeddable":true,"href":"https:\/\/www.racc.cat\/microsites\/wp-json\/wp\/v2\/wf_page_folders?post=7039"}],"curies":[{"name":"wp","href":"https:\/\/api.w.org\/{rel}","templated":true}]}}